{"id":7051,"date":"2025-04-25T12:32:45","date_gmt":"2025-04-25T12:32:45","guid":{"rendered":"https:\/\/www.elracodemilu.com\/?page_id=7051"},"modified":"2025-05-09T07:49:11","modified_gmt":"2025-05-09T07:49:11","slug":"preguntas-frecuentes","status":"publish","type":"page","link":"https:\/\/www.elracodemilu.com\/ca\/preguntas-frecuentes\/","title":{"rendered":"Preguntes freq\u00fcents"},"content":{"rendered":"<div data-elementor-type=\"wp-page\" data-elementor-id=\"7051\" class=\"elementor elementor-7051\" data-elementor-post-type=\"page\">\n\t\t\t\t\t\t<section class=\"elementor-section elementor-top-section elementor-element elementor-element-e40acf0 elementor-section-height-min-height elementor-section-boxed elementor-section-height-default elementor-section-items-middle\" data-id=\"e40acf0\" data-element_type=\"section\" data-settings=\"{&quot;background_background&quot;:&quot;classic&quot;,&quot;shape_divider_bottom&quot;:&quot;waves&quot;}\">\n\t\t\t\t\t\t\t<div class=\"elementor-background-overlay\"><\/div>\n\t\t\t\t\t\t<div class=\"elementor-shape elementor-shape-bottom\" aria-hidden=\"true\" data-negative=\"false\">\n\t\t\t<svg xmlns=\"http:\/\/www.w3.org\/2000\/svg\" viewbox=\"0 0 1000 100\" preserveaspectratio=\"none\">\n\t<path class=\"elementor-shape-fill\" d=\"M421.9,6.5c22.6-2.5,51.5,0.4,75.5,5.3c23.6,4.9,70.9,23.5,100.5,35.7c75.8,32.2,133.7,44.5,192.6,49.7\tc23.6,2.1,48.7,3.5,103.4-2.5c54.7-6,106.2-25.6,106.2-25.6V0H0v30.3c0,0,72,32.6,158.4,30.5c39.2-0.7,92.8-6.7,134-22.4\tc21.2-8.1,52.2-18.2,79.7-24.2C399.3,7.9,411.6,7.5,421.9,6.5z\"\/>\n<\/svg>\t\t<\/div>\n\t\t\t\t\t<div class=\"elementor-container elementor-column-gap-default\">\n\t\t\t\t\t<div class=\"elementor-column elementor-col-50 elementor-top-column elementor-element elementor-element-4518e37\" data-id=\"4518e37\" data-element_type=\"column\">\n\t\t\t<div class=\"elementor-widget-wrap elementor-element-populated\">\n\t\t\t\t\t\t<div class=\"elementor-element elementor-element-b187c11 elementor-widget elementor-widget-heading\" data-id=\"b187c11\" data-element_type=\"widget\" data-widget_type=\"heading.default\">\n\t\t\t\t<div class=\"elementor-widget-container\">\n\t\t\t\t\t<h1 class=\"elementor-heading-title elementor-size-default\">Preguntes freq\u00fcents<\/h1>\t\t\t\t<\/div>\n\t\t\t\t<\/div>\n\t\t\t\t\t<\/div>\n\t\t<\/div>\n\t\t\t\t<div class=\"elementor-column elementor-col-50 elementor-top-column elementor-element elementor-element-a97817c\" data-id=\"a97817c\" data-element_type=\"column\">\n\t\t\t<div class=\"elementor-widget-wrap\">\n\t\t\t\t\t\t\t<\/div>\n\t\t<\/div>\n\t\t\t\t\t<\/div>\n\t\t<\/section>\n\t\t\t\t<section class=\"elementor-section elementor-top-section elementor-element elementor-element-0388838 elementor-section-boxed elementor-section-height-default elementor-section-height-default\" data-id=\"0388838\" data-element_type=\"section\">\n\t\t\t\t\t\t<div class=\"elementor-container elementor-column-gap-default\">\n\t\t\t\t\t<div class=\"elementor-column elementor-col-100 elementor-top-column elementor-element elementor-element-f1fdd00\" data-id=\"f1fdd00\" data-element_type=\"column\">\n\t\t\t<div class=\"elementor-widget-wrap elementor-element-populated\">\n\t\t\t\t\t\t<div class=\"elementor-element elementor-element-249de1e elementor-grid-4 elementor-grid-tablet-2 elementor-grid-mobile-1 elementor-posts--thumbnail-top elementor-card-shadow-yes elementor-posts__hover-gradient elementor-widget elementor-widget-posts\" data-id=\"249de1e\" data-element_type=\"widget\" data-settings=\"{&quot;pagination_type&quot;:&quot;load_more_infinite_scroll&quot;,&quot;cards_columns&quot;:&quot;4&quot;,&quot;cards_columns_tablet&quot;:&quot;2&quot;,&quot;cards_columns_mobile&quot;:&quot;1&quot;,&quot;cards_row_gap&quot;:{&quot;unit&quot;:&quot;px&quot;,&quot;size&quot;:35,&quot;sizes&quot;:[]},&quot;cards_row_gap_tablet&quot;:{&quot;unit&quot;:&quot;px&quot;,&quot;size&quot;:&quot;&quot;,&quot;sizes&quot;:[]},&quot;cards_row_gap_mobile&quot;:{&quot;unit&quot;:&quot;px&quot;,&quot;size&quot;:&quot;&quot;,&quot;sizes&quot;:[]},&quot;load_more_spinner&quot;:{&quot;value&quot;:&quot;fas fa-spinner&quot;,&quot;library&quot;:&quot;fa-solid&quot;}}\" data-widget_type=\"posts.cards\">\n\t\t\t\t<div class=\"elementor-widget-container\">\n\t\t\t\t\t\t\t<div class=\"elementor-posts-container elementor-posts elementor-posts--skin-cards elementor-grid\">\n\t\t\t\t<article class=\"elementor-post elementor-grid-item post-7314 post type-post status-publish format-standard has-post-thumbnail hentry category-preguntas-frecuentes\">\n\t\t\t<div class=\"elementor-post__card\">\n\t\t\t\t<a class=\"elementor-post__thumbnail__link\" href=\"https:\/\/www.elracodemilu.com\/ca\/que-hace-exactamente-un-perro-de-terapia\/\" tabindex=\"-1\" ><div class=\"elementor-post__thumbnail\"><img fetchpriority=\"high\" decoding=\"async\" width=\"225\" height=\"300\" src=\"https:\/\/www.elracodemilu.com\/wp-content\/uploads\/2025\/09\/PHOTO-2024-11-29-15-30-04-225x300.jpg\" class=\"attachment-medium size-medium wp-image-7316\" alt=\"\" srcset=\"https:\/\/www.elracodemilu.com\/wp-content\/uploads\/2025\/09\/PHOTO-2024-11-29-15-30-04-225x300.jpg 225w, https:\/\/www.elracodemilu.com\/wp-content\/uploads\/2025\/09\/PHOTO-2024-11-29-15-30-04-768x1024.jpg 768w, https:\/\/www.elracodemilu.com\/wp-content\/uploads\/2025\/09\/PHOTO-2024-11-29-15-30-04-1152x1536.jpg 1152w, https:\/\/www.elracodemilu.com\/wp-content\/uploads\/2025\/09\/PHOTO-2024-11-29-15-30-04-9x12.jpg 9w, https:\/\/www.elracodemilu.com\/wp-content\/uploads\/2025\/09\/PHOTO-2024-11-29-15-30-04.jpg 1500w\" sizes=\"(max-width: 225px) 100vw, 225px\" \/><\/div><\/a>\n\t\t\t\t<div class=\"elementor-post__text\">\n\t\t\t\t<h3 class=\"elementor-post__title\">\n\t\t\t<a href=\"https:\/\/www.elracodemilu.com\/ca\/que-hace-exactamente-un-perro-de-terapia\/\" >\n\t\t\t\tQu\u00e8 fa exactament un gos de ter\u00e0pia?\t\t\t<\/a>\n\t\t<\/h3>\n\t\t\n\t\t<a class=\"elementor-post__read-more\" href=\"https:\/\/www.elracodemilu.com\/ca\/que-hace-exactamente-un-perro-de-terapia\/\" aria-label=\"Read more about \u00bfQu\u00e9 hace exactamente un perro de terapia?\" tabindex=\"-1\" >\n\t\t\tLlegir m\u00e9s \u00bb\t\t<\/a>\n\n\t\t\t\t<\/div>\n\t\t\t\t\t<\/div>\n\t\t<\/article>\n\t\t\t\t<article class=\"elementor-post elementor-grid-item post-7288 post type-post status-publish format-standard has-post-thumbnail hentry category-preguntas-frecuentes\">\n\t\t\t<div class=\"elementor-post__card\">\n\t\t\t\t<a class=\"elementor-post__thumbnail__link\" href=\"https:\/\/www.elracodemilu.com\/ca\/tengo-un-perro-muy-bueno-y-quiero-que-realice-terapias-de-manera-altruista\/\" tabindex=\"-1\" ><div class=\"elementor-post__thumbnail\"><img decoding=\"async\" width=\"300\" height=\"225\" src=\"https:\/\/www.elracodemilu.com\/wp-content\/uploads\/2025\/09\/haritz-peinar-2-300x225.jpg\" class=\"attachment-medium size-medium wp-image-7294\" alt=\"\" srcset=\"https:\/\/www.elracodemilu.com\/wp-content\/uploads\/2025\/09\/haritz-peinar-2-300x225.jpg 300w, https:\/\/www.elracodemilu.com\/wp-content\/uploads\/2025\/09\/haritz-peinar-2-1024x768.jpg 1024w, https:\/\/www.elracodemilu.com\/wp-content\/uploads\/2025\/09\/haritz-peinar-2-768x576.jpg 768w, https:\/\/www.elracodemilu.com\/wp-content\/uploads\/2025\/09\/haritz-peinar-2-16x12.jpg 16w, https:\/\/www.elracodemilu.com\/wp-content\/uploads\/2025\/09\/haritz-peinar-2.jpg 1280w\" sizes=\"(max-width: 300px) 100vw, 300px\" \/><\/div><\/a>\n\t\t\t\t<div class=\"elementor-post__text\">\n\t\t\t\t<h3 class=\"elementor-post__title\">\n\t\t\t<a href=\"https:\/\/www.elracodemilu.com\/ca\/tengo-un-perro-muy-bueno-y-quiero-que-realice-terapias-de-manera-altruista\/\" >\n\t\t\t\tTinc un gos molt bo i vull que realitzi ter\u00e0pies de manera altruista\t\t\t<\/a>\n\t\t<\/h3>\n\t\t\n\t\t<a class=\"elementor-post__read-more\" href=\"https:\/\/www.elracodemilu.com\/ca\/tengo-un-perro-muy-bueno-y-quiero-que-realice-terapias-de-manera-altruista\/\" aria-label=\"Read more about Tengo un perro muy bueno y quiero que realice terapias de manera altruista\" tabindex=\"-1\" >\n\t\t\tLlegir m\u00e9s \u00bb\t\t<\/a>\n\n\t\t\t\t<\/div>\n\t\t\t\t\t<\/div>\n\t\t<\/article>\n\t\t\t\t<article class=\"elementor-post elementor-grid-item post-7296 post type-post status-publish format-standard has-post-thumbnail hentry category-preguntas-frecuentes\">\n\t\t\t<div class=\"elementor-post__card\">\n\t\t\t\t<a class=\"elementor-post__thumbnail__link\" href=\"https:\/\/www.elracodemilu.com\/ca\/que-tipo-de-actividades-dinamicas-se-llevan-a-cabo-en-una-sesion\/\" tabindex=\"-1\" ><div class=\"elementor-post__thumbnail\"><img decoding=\"async\" width=\"270\" height=\"300\" src=\"https:\/\/www.elracodemilu.com\/wp-content\/uploads\/2025\/09\/kai-hospital-270x300.jpg\" class=\"attachment-medium size-medium wp-image-7307\" alt=\"\" srcset=\"https:\/\/www.elracodemilu.com\/wp-content\/uploads\/2025\/09\/kai-hospital-270x300.jpg 270w, https:\/\/www.elracodemilu.com\/wp-content\/uploads\/2025\/09\/kai-hospital-922x1024.jpg 922w, https:\/\/www.elracodemilu.com\/wp-content\/uploads\/2025\/09\/kai-hospital-768x853.jpg 768w, https:\/\/www.elracodemilu.com\/wp-content\/uploads\/2025\/09\/kai-hospital-1383x1536.jpg 1383w, https:\/\/www.elracodemilu.com\/wp-content\/uploads\/2025\/09\/kai-hospital-1844x2048.jpg 1844w, https:\/\/www.elracodemilu.com\/wp-content\/uploads\/2025\/09\/kai-hospital-11x12.jpg 11w\" sizes=\"(max-width: 270px) 100vw, 270px\" \/><\/div><\/a>\n\t\t\t\t<div class=\"elementor-post__text\">\n\t\t\t\t<h3 class=\"elementor-post__title\">\n\t\t\t<a href=\"https:\/\/www.elracodemilu.com\/ca\/que-tipo-de-actividades-dinamicas-se-llevan-a-cabo-en-una-sesion\/\" >\n\t\t\t\tQuin tipus d'activitats\/din\u00e0miques es duen a terme en una sessi\u00f3?\t\t\t<\/a>\n\t\t<\/h3>\n\t\t\n\t\t<a class=\"elementor-post__read-more\" href=\"https:\/\/www.elracodemilu.com\/ca\/que-tipo-de-actividades-dinamicas-se-llevan-a-cabo-en-una-sesion\/\" aria-label=\"Read more about \u00bfQu\u00e9 tipo de actividades\/din\u00e1micas se llevan a cabo en una sesi\u00f3n?\" tabindex=\"-1\" >\n\t\t\tLlegir m\u00e9s \u00bb\t\t<\/a>\n\n\t\t\t\t<\/div>\n\t\t\t\t\t<\/div>\n\t\t<\/article>\n\t\t\t\t<article class=\"elementor-post elementor-grid-item post-6398 post type-post status-publish format-standard has-post-thumbnail hentry category-preguntas-frecuentes\">\n\t\t\t<div class=\"elementor-post__card\">\n\t\t\t\t<a class=\"elementor-post__thumbnail__link\" href=\"https:\/\/www.elracodemilu.com\/ca\/que-son-las-intervenciones-asistidas-con-animales-iaa\/\" tabindex=\"-1\" ><div class=\"elementor-post__thumbnail\"><img loading=\"lazy\" decoding=\"async\" width=\"225\" height=\"300\" src=\"https:\/\/www.elracodemilu.com\/wp-content\/uploads\/2024\/10\/PHOTO-2024-02-26-20-35-02-225x300.jpg\" class=\"attachment-medium size-medium wp-image-6402\" alt=\"\" srcset=\"https:\/\/www.elracodemilu.com\/wp-content\/uploads\/2024\/10\/PHOTO-2024-02-26-20-35-02-225x300.jpg 225w, https:\/\/www.elracodemilu.com\/wp-content\/uploads\/2024\/10\/PHOTO-2024-02-26-20-35-02-768x1024.jpg 768w, https:\/\/www.elracodemilu.com\/wp-content\/uploads\/2024\/10\/PHOTO-2024-02-26-20-35-02-1152x1536.jpg 1152w, https:\/\/www.elracodemilu.com\/wp-content\/uploads\/2024\/10\/PHOTO-2024-02-26-20-35-02-9x12.jpg 9w, https:\/\/www.elracodemilu.com\/wp-content\/uploads\/2024\/10\/PHOTO-2024-02-26-20-35-02.jpg 1200w\" sizes=\"(max-width: 225px) 100vw, 225px\" \/><\/div><\/a>\n\t\t\t\t<div class=\"elementor-post__text\">\n\t\t\t\t<h3 class=\"elementor-post__title\">\n\t\t\t<a href=\"https:\/\/www.elracodemilu.com\/ca\/que-son-las-intervenciones-asistidas-con-animales-iaa\/\" >\n\t\t\t\tQu\u00e8 s\u00f3n les Intervencions Assistides amb Animals (IAA)?\t\t\t<\/a>\n\t\t<\/h3>\n\t\t\n\t\t<a class=\"elementor-post__read-more\" href=\"https:\/\/www.elracodemilu.com\/ca\/que-son-las-intervenciones-asistidas-con-animales-iaa\/\" aria-label=\"Read more about \u00bfQu\u00e9 son las Intervenciones Asistidas con Animales (IAA)?\" tabindex=\"-1\" >\n\t\t\tLlegir m\u00e9s \u00bb\t\t<\/a>\n\n\t\t\t\t<\/div>\n\t\t\t\t\t<\/div>\n\t\t<\/article>\n\t\t\t\t<\/div>\n\t\t\t\t\t<span class=\"e-load-more-spinner\">\n\t\t\t\t<i aria-hidden=\"true\" class=\"fas fa-spinner\"><\/i>\t\t\t<\/span>\n\t\t\n\t\t\t\t<div class=\"e-load-more-anchor\" data-page=\"1\" data-max-page=\"4\" data-next-page=\"https:\/\/www.elracodemilu.com\/ca\/wp-json\/wp\/v2\/pages\/7051\/page\/2\/\"><\/div>\n\t\t\t\t<div class=\"e-load-more-message\"><\/div>\n\t\t\t\t\t\t<\/div>\n\t\t\t\t<\/div>\n\t\t\t\t\t<\/div>\n\t\t<\/div>\n\t\t\t\t\t<\/div>\n\t\t<\/section>\n\t\t\t\t<\/div>","protected":false},"excerpt":{"rendered":"<p>Preguntes freq\u00fcents<\/p>","protected":false},"author":2,"featured_media":0,"parent":0,"menu_order":0,"comment_status":"closed","ping_status":"closed","template":"elementor_header_footer","meta":{"site-container-style":"default","site-container-layout":"default","site-sidebar-layout":"default","site-transparent-header":"default","disable-article-header":"default","disable-site-header":"default","disable-site-footer":"default","disable-content-area-spacing":"default","footnotes":""},"class_list":["post-7051","page","type-page","status-publish","hentry"],"yoast_head":"<!-- This site is optimized with the Yoast SEO plugin v25.3.1 - https:\/\/yoast.com\/wordpress\/plugins\/seo\/ -->\n<title>Cursos de Terapias Asistidas con Animales. El Rac\u00f3 de Milu<\/title>\n<meta name=\"description\" content=\"Convi\u00e9rtete en un profesional de las terapias asistidas con animales y el adiestramiento. El Rac\u00f3 de Milu te ofrece cursos especializados. Empieza hoy\" \/>\n<meta name=\"robots\" content=\"index, follow, max-snippet:-1, max-image-preview:large, max-video-preview:-1\" \/>\n<link rel=\"canonical\" href=\"https:\/\/www.elracodemilu.com\/ca\/preguntas-frecuentes\/\" \/>\n<meta property=\"og:locale\" content=\"ca_ES\" \/>\n<meta property=\"og:type\" content=\"article\" \/>\n<meta property=\"og:title\" content=\"Cursos de Terapias Asistidas con Animales. El Rac\u00f3 de Milu\" \/>\n<meta property=\"og:description\" content=\"Convi\u00e9rtete en un profesional de las terapias asistidas con animales y el adiestramiento. El Rac\u00f3 de Milu te ofrece cursos especializados. Empieza hoy\" \/>\n<meta property=\"og:url\" content=\"https:\/\/www.elracodemilu.com\/ca\/preguntas-frecuentes\/\" \/>\n<meta property=\"og:site_name\" content=\"El Rac\u00f3 de Milu\" \/>\n<meta property=\"article:publisher\" content=\"https:\/\/www.facebook.com\/elracodemilu\" \/>\n<meta property=\"article:modified_time\" content=\"2025-05-09T07:49:11+00:00\" \/>\n<meta property=\"og:image\" content=\"https:\/\/www.elracodemilu.com\/wp-content\/uploads\/2023\/05\/INICIO-scaled.jpg\" \/>\n\t<meta property=\"og:image:width\" content=\"2560\" \/>\n\t<meta property=\"og:image:height\" content=\"1707\" \/>\n\t<meta property=\"og:image:type\" content=\"image\/jpeg\" \/>\n<meta name=\"twitter:card\" content=\"summary_large_image\" \/>\n<meta name=\"twitter:label1\" content=\"Temps estimat de lectura\" \/>\n\t<meta name=\"twitter:data1\" content=\"2 minuts\" \/>\n<script type=\"application\/ld+json\" class=\"yoast-schema-graph\">{\"@context\":\"https:\/\/schema.org\",\"@graph\":[{\"@type\":\"WebPage\",\"@id\":\"https:\/\/www.elracodemilu.com\/preguntas-frecuentes\/\",\"url\":\"https:\/\/www.elracodemilu.com\/preguntas-frecuentes\/\",\"name\":\"Cursos de Terapias Asistidas con Animales. El Rac\u00f3 de Milu\",\"isPartOf\":{\"@id\":\"https:\/\/www.elracodemilu.com\/#website\"},\"datePublished\":\"2025-04-25T12:32:45+00:00\",\"dateModified\":\"2025-05-09T07:49:11+00:00\",\"description\":\"Convi\u00e9rtete en un profesional de las terapias asistidas con animales y el adiestramiento. El Rac\u00f3 de Milu te ofrece cursos especializados. Empieza hoy\",\"breadcrumb\":{\"@id\":\"https:\/\/www.elracodemilu.com\/preguntas-frecuentes\/#breadcrumb\"},\"inLanguage\":\"ca\",\"potentialAction\":[{\"@type\":\"ReadAction\",\"target\":[\"https:\/\/www.elracodemilu.com\/preguntas-frecuentes\/\"]}]},{\"@type\":\"BreadcrumbList\",\"@id\":\"https:\/\/www.elracodemilu.com\/preguntas-frecuentes\/#breadcrumb\",\"itemListElement\":[{\"@type\":\"ListItem\",\"position\":1,\"name\":\"Portada\",\"item\":\"https:\/\/www.elracodemilu.com\/\"},{\"@type\":\"ListItem\",\"position\":2,\"name\":\"Preguntas frecuentes*\"}]},{\"@type\":\"WebSite\",\"@id\":\"https:\/\/www.elracodemilu.com\/#website\",\"url\":\"https:\/\/www.elracodemilu.com\/\",\"name\":\"El Rac\u00f3 de Mil\u00fa\",\"description\":\"\",\"publisher\":{\"@id\":\"https:\/\/www.elracodemilu.com\/#organization\"},\"potentialAction\":[{\"@type\":\"SearchAction\",\"target\":{\"@type\":\"EntryPoint\",\"urlTemplate\":\"https:\/\/www.elracodemilu.com\/?s={search_term_string}\"},\"query-input\":{\"@type\":\"PropertyValueSpecification\",\"valueRequired\":true,\"valueName\":\"search_term_string\"}}],\"inLanguage\":\"ca\"},{\"@type\":\"Organization\",\"@id\":\"https:\/\/www.elracodemilu.com\/#organization\",\"name\":\"El Rac\u00f3 de Milu\",\"url\":\"https:\/\/www.elracodemilu.com\/\",\"logo\":{\"@type\":\"ImageObject\",\"inLanguage\":\"ca\",\"@id\":\"https:\/\/www.elracodemilu.com\/#\/schema\/logo\/image\/\",\"url\":\"https:\/\/www.elracodemilu.com\/wp-content\/uploads\/2023\/05\/logo_milu-1.png\",\"contentUrl\":\"https:\/\/www.elracodemilu.com\/wp-content\/uploads\/2023\/05\/logo_milu-1.png\",\"width\":245,\"height\":111,\"caption\":\"El Rac\u00f3 de Milu\"},\"image\":{\"@id\":\"https:\/\/www.elracodemilu.com\/#\/schema\/logo\/image\/\"},\"sameAs\":[\"https:\/\/www.facebook.com\/elracodemilu\",\"https:\/\/www.instagram.com\/elracodemilu\/\"]}]}<\/script>\n<!-- \/ Yoast SEO plugin. -->","yoast_head_json":{"title":"Cursos de Terapias Asistidas con Animales. El Rac\u00f3 de Milu","description":"Convi\u00e9rtete en un profesional de las terapias asistidas con animales y el adiestramiento. El Rac\u00f3 de Milu te ofrece cursos especializados. Empieza hoy","robots":{"index":"index","follow":"follow","max-snippet":"max-snippet:-1","max-image-preview":"max-image-preview:large","max-video-preview":"max-video-preview:-1"},"canonical":"https:\/\/www.elracodemilu.com\/ca\/preguntas-frecuentes\/","og_locale":"ca_ES","og_type":"article","og_title":"Cursos de Terapias Asistidas con Animales. El Rac\u00f3 de Milu","og_description":"Convi\u00e9rtete en un profesional de las terapias asistidas con animales y el adiestramiento. El Rac\u00f3 de Milu te ofrece cursos especializados. Empieza hoy","og_url":"https:\/\/www.elracodemilu.com\/ca\/preguntas-frecuentes\/","og_site_name":"El Rac\u00f3 de Milu","article_publisher":"https:\/\/www.facebook.com\/elracodemilu","article_modified_time":"2025-05-09T07:49:11+00:00","og_image":[{"width":2560,"height":1707,"url":"https:\/\/www.elracodemilu.com\/wp-content\/uploads\/2023\/05\/INICIO-scaled.jpg","type":"image\/jpeg"}],"twitter_card":"summary_large_image","twitter_misc":{"Temps estimat de lectura":"2 minuts"},"schema":{"@context":"https:\/\/schema.org","@graph":[{"@type":"WebPage","@id":"https:\/\/www.elracodemilu.com\/preguntas-frecuentes\/","url":"https:\/\/www.elracodemilu.com\/preguntas-frecuentes\/","name":"Cursos de Terapias Asistidas con Animales. El Rac\u00f3 de Milu","isPartOf":{"@id":"https:\/\/www.elracodemilu.com\/#website"},"datePublished":"2025-04-25T12:32:45+00:00","dateModified":"2025-05-09T07:49:11+00:00","description":"Convi\u00e9rtete en un profesional de las terapias asistidas con animales y el adiestramiento. El Rac\u00f3 de Milu te ofrece cursos especializados. Empieza hoy","breadcrumb":{"@id":"https:\/\/www.elracodemilu.com\/preguntas-frecuentes\/#breadcrumb"},"inLanguage":"ca","potentialAction":[{"@type":"ReadAction","target":["https:\/\/www.elracodemilu.com\/preguntas-frecuentes\/"]}]},{"@type":"BreadcrumbList","@id":"https:\/\/www.elracodemilu.com\/preguntas-frecuentes\/#breadcrumb","itemListElement":[{"@type":"ListItem","position":1,"name":"Portada","item":"https:\/\/www.elracodemilu.com\/"},{"@type":"ListItem","position":2,"name":"Preguntas frecuentes*"}]},{"@type":"WebSite","@id":"https:\/\/www.elracodemilu.com\/#website","url":"https:\/\/www.elracodemilu.com\/","name":"El Rac\u00f3 de Mil\u00fa","description":"","publisher":{"@id":"https:\/\/www.elracodemilu.com\/#organization"},"potentialAction":[{"@type":"SearchAction","target":{"@type":"EntryPoint","urlTemplate":"https:\/\/www.elracodemilu.com\/?s={search_term_string}"},"query-input":{"@type":"PropertyValueSpecification","valueRequired":true,"valueName":"search_term_string"}}],"inLanguage":"ca"},{"@type":"Organization","@id":"https:\/\/www.elracodemilu.com\/#organization","name":"El Rac\u00f3 de Milu","url":"https:\/\/www.elracodemilu.com\/","logo":{"@type":"ImageObject","inLanguage":"ca","@id":"https:\/\/www.elracodemilu.com\/#\/schema\/logo\/image\/","url":"https:\/\/www.elracodemilu.com\/wp-content\/uploads\/2023\/05\/logo_milu-1.png","contentUrl":"https:\/\/www.elracodemilu.com\/wp-content\/uploads\/2023\/05\/logo_milu-1.png","width":245,"height":111,"caption":"El Rac\u00f3 de Milu"},"image":{"@id":"https:\/\/www.elracodemilu.com\/#\/schema\/logo\/image\/"},"sameAs":["https:\/\/www.facebook.com\/elracodemilu","https:\/\/www.instagram.com\/elracodemilu\/"]}]}},"_links":{"self":[{"href":"https:\/\/www.elracodemilu.com\/ca\/wp-json\/wp\/v2\/pages\/7051","targetHints":{"allow":["GET"]}}],"collection":[{"href":"https:\/\/www.elracodemilu.com\/ca\/wp-json\/wp\/v2\/pages"}],"about":[{"href":"https:\/\/www.elracodemilu.com\/ca\/wp-json\/wp\/v2\/types\/page"}],"author":[{"embeddable":true,"href":"https:\/\/www.elracodemilu.com\/ca\/wp-json\/wp\/v2\/users\/2"}],"replies":[{"embeddable":true,"href":"https:\/\/www.elracodemilu.com\/ca\/wp-json\/wp\/v2\/comments?post=7051"}],"version-history":[{"count":10,"href":"https:\/\/www.elracodemilu.com\/ca\/wp-json\/wp\/v2\/pages\/7051\/revisions"}],"predecessor-version":[{"id":7130,"href":"https:\/\/www.elracodemilu.com\/ca\/wp-json\/wp\/v2\/pages\/7051\/revisions\/7130"}],"wp:attachment":[{"href":"https:\/\/www.elracodemilu.com\/ca\/wp-json\/wp\/v2\/media?parent=7051"}],"curies":[{"name":"wp","href":"https:\/\/api.w.org\/{rel}","templated":true}]}}